{"id":36080,"date":"2021-12-22T10:13:56","date_gmt":"2021-12-22T15:13:56","guid":{"rendered":"https:\/\/www.fconstantineau.com\/?page_id=36080"},"modified":"2025-10-08T10:54:01","modified_gmt":"2025-10-08T14:54:01","slug":"location-en-ligne","status":"publish","type":"page","link":"https:\/\/www.fconstantineau.com\/fr\/location-en-ligne\/","title":{"rendered":"Location en ligne"},"content":{"rendered":"<p style=\"text-align: center;\">Bienvenue chez Location Constantineau! D\u00e9butez votre r\u00e9servation en ligne ci-dessous pour conna\u00eetre nos prix et disponibilit\u00e9s.<\/p>\r\n<p style=\"text-align: center;\">Pour une r\u00e9servation de groupe ou une location longue dur\u00e9e (15 jours et +), svp nous contacter par t\u00e9l\u00e9phone. Un de nos conseillers se fera un plaisir de vous assister.<\/p>\r\n<p style=\"text-align: center;\">Le v\u00e9hicule que vous souhaitez r\u00e9server n&rsquo;est pas disponible? Vous n&rsquo;arrivez pas \u00e0 compl\u00e9ter votre r\u00e9servation en ligne?<\/p>\r\n<p style=\"text-align: center;\">Contactez-nous au 1-800-567-4574 ou location@fconstantineau.com.<\/p>\r\n<p style=\"text-align: center;\">Cliquez ici pour consulter la carte interactive et voir l&rsquo;\u00e9tat en direct des sentiers de <a href=\"https:\/\/www.fqcq.qc.ca\/carte-interactive\/\">VTT <\/a>et de <a href=\"https:\/\/fcmq.fcmqapi.ca\/#\/map\">motoneige<\/a><\/p>\r\n\r\n\r\n","protected":false},"excerpt":{"rendered":"<p>Bienvenue chez Location Constantineau! D\u00e9butez votre r\u00e9servation en ligne ci-dessous pour conna\u00eetre nos prix et disponibilit\u00e9s. Pour une r\u00e9servation de groupe ou une location longue dur\u00e9e (15 jours et +), svp nous contacter par t\u00e9l\u00e9phone. Un de nos conseillers se fera un plaisir de vous assister. Le v\u00e9hicule que vous souhaitez r\u00e9server n&rsquo;est pas disponible? &hellip; <a href=\"https:\/\/www.fconstantineau.com\/fr\/location-en-ligne\/\">Suite<\/a><\/p>\n","protected":false},"author":1,"featured_media":0,"parent":0,"menu_order":0,"comment_status":"closed","ping_status":"closed","template":"template-rental.php","meta":[],"acf":[],"_links":{"self":[{"href":"https:\/\/www.fconstantineau.com\/fr\/wp-json\/wp\/v2\/pages\/36080"}],"collection":[{"href":"https:\/\/www.fconstantineau.com\/fr\/wp-json\/wp\/v2\/pages"}],"about":[{"href":"https:\/\/www.fconstantineau.com\/fr\/wp-json\/wp\/v2\/types\/page"}],"author":[{"embeddable":true,"href":"https:\/\/www.fconstantineau.com\/fr\/wp-json\/wp\/v2\/users\/1"}],"replies":[{"embeddable":true,"href":"https:\/\/www.fconstantineau.com\/fr\/wp-json\/wp\/v2\/comments?post=36080"}],"version-history":[{"count":52,"href":"https:\/\/www.fconstantineau.com\/fr\/wp-json\/wp\/v2\/pages\/36080\/revisions"}],"predecessor-version":[{"id":43375,"href":"https:\/\/www.fconstantineau.com\/fr\/wp-json\/wp\/v2\/pages\/36080\/revisions\/43375"}],"wp:attachment":[{"href":"https:\/\/www.fconstantineau.com\/fr\/wp-json\/wp\/v2\/media?parent=36080"}],"curies":[{"name":"wp","href":"https:\/\/api.w.org\/{rel}","templated":true}]}}